{"id":407,"date":"2023-10-20T09:03:43","date_gmt":"2023-10-20T08:03:43","guid":{"rendered":"https:\/\/framnestrading.no\/?page_id=407"},"modified":"2023-10-20T12:33:34","modified_gmt":"2023-10-20T11:33:34","slug":"framnes-transporbandhenger","status":"publish","type":"page","link":"https:\/\/framnestrading.no\/?page_id=407","title":{"rendered":"Framnes Transportb\u00e5ndhenger"},"content":{"rendered":"\n<p>Vi er import\u00f8r for Norge for Framnes Transportb\u00e5ndhenger.<\/p>\n\n\n\n<p>Den optimale hengeren for transport og levering av fyringsved.  3500 kg total og ca 2600 kg nyttelast med plass til ca 8,2 m3. 2 kammer med genial skillevegg som beveger seg med lasten. betyr at du alltid har riktig balanse hengeren etter at f\u00f8rste lass er losset. Med h\u00f8yde p\u00e5 2 meter kan du levere i garasjer, parkeringskjellere, carporter uten bekymringer for tipph\u00f8yde. Vi f\u00e5r demohenger p\u00e5 lager februar\/mars 2024! Ta kontakt n\u00e5 for mer informasjon og demo.<\/p>\n\n\n\n<div data-wp-interactive=\"core\/file\" class=\"wp-block-file\"><object data-wp-bind--hidden=\"!state.hasPdfPreview\" hidden class=\"wp-block-file__embed\" data=\"https:\/\/framnestrading.no\/wp-content\/uploads\/2023\/10\/Leaflet_A4_GRA27-35_2023-03-07_ENG-1.pdf\" type=\"application\/pdf\" style=\"width:100%;height:600px\" aria-label=\"Innbygging av Leaflet_A4_GRA27-35_2023-03-07_ENG-1\"><\/object><a id=\"wp-block-file--media-56454339-ee9a-4994-a278-3ffece527415\" href=\"https:\/\/framnestrading.no\/wp-content\/uploads\/2023\/10\/Leaflet_A4_GRA27-35_2023-03-07_ENG-1.pdf\">Leaflet_A4_GRA27-35_2023-03-07_ENG-1<\/a><a href=\"https:\/\/framnestrading.no\/wp-content\/uploads\/2023\/10\/Leaflet_A4_GRA27-35_2023-03-07_ENG-1.pdf\" class=\"wp-block-file__button wp-element-button\" download aria-describedby=\"wp-block-file--media-56454339-ee9a-4994-a278-3ffece527415\">Last ned<\/a><\/div>\n\n\n\n<figure class=\"wp-block-image size-full\"><img loading=\"lazy\" decoding=\"async\" width=\"480\" height=\"640\" src=\"https:\/\/framnestrading.no\/wp-content\/uploads\/2023\/10\/IMG_4254-2.jpg\" alt=\"\" class=\"wp-image-437\" srcset=\"https:\/\/framnestrading.no\/wp-content\/uploads\/2023\/10\/IMG_4254-2.jpg 480w, https:\/\/framnestrading.no\/wp-content\/uploads\/2023\/10\/IMG_4254-2-225x300.jpg 225w\" sizes=\"auto, (max-width: 480px) 100vw, 480px\" \/><\/figure>\n\n\n\n<figure class=\"wp-block-image size-full\"><img loading=\"lazy\" decoding=\"async\" width=\"480\" height=\"640\" src=\"https:\/\/framnestrading.no\/wp-content\/uploads\/2023\/10\/IMG_4248.jpg\" alt=\"\" class=\"wp-image-438\" srcset=\"https:\/\/framnestrading.no\/wp-content\/uploads\/2023\/10\/IMG_4248.jpg 480w, https:\/\/framnestrading.no\/wp-content\/uploads\/2023\/10\/IMG_4248-225x300.jpg 225w\" sizes=\"auto, (max-width: 480px) 100vw, 480px\" \/><\/figure>\n\n\n\n<figure class=\"wp-block-image size-full\"><img loading=\"lazy\" decoding=\"async\" width=\"640\" height=\"480\" src=\"https:\/\/framnestrading.no\/wp-content\/uploads\/2023\/10\/IMG_4242-2.jpg\" alt=\"\" class=\"wp-image-439\" srcset=\"https:\/\/framnestrading.no\/wp-content\/uploads\/2023\/10\/IMG_4242-2.jpg 640w, https:\/\/framnestrading.no\/wp-content\/uploads\/2023\/10\/IMG_4242-2-300x225.jpg 300w\" sizes=\"auto, (max-width: 640px) 100vw, 640px\" \/><\/figure>\n\n\n\n<figure class=\"wp-block-image size-full\"><img loading=\"lazy\" decoding=\"async\" width=\"600\" height=\"800\" src=\"https:\/\/framnestrading.no\/wp-content\/uploads\/2023\/10\/IMG_4245-2.jpg\" alt=\"\" class=\"wp-image-440\" srcset=\"https:\/\/framnestrading.no\/wp-content\/uploads\/2023\/10\/IMG_4245-2.jpg 600w, https:\/\/framnestrading.no\/wp-content\/uploads\/2023\/10\/IMG_4245-2-225x300.jpg 225w\" sizes=\"auto, (max-width: 600px) 100vw, 600px\" \/><\/figure>\n\n\n\n<figure class=\"wp-block-image size-full\"><img loading=\"lazy\" decoding=\"async\" width=\"600\" height=\"800\" src=\"https:\/\/framnestrading.no\/wp-content\/uploads\/2023\/10\/IMG_4247-2.jpg\" alt=\"\" class=\"wp-image-441\" srcset=\"https:\/\/framnestrading.no\/wp-content\/uploads\/2023\/10\/IMG_4247-2.jpg 600w, https:\/\/framnestrading.no\/wp-content\/uploads\/2023\/10\/IMG_4247-2-225x300.jpg 225w\" sizes=\"auto, (max-width: 600px) 100vw, 600px\" \/><\/figure>\n\n\n\n<figure class=\"wp-block-image size-full\"><img loading=\"lazy\" decoding=\"async\" width=\"360\" height=\"480\" src=\"https:\/\/framnestrading.no\/wp-content\/uploads\/2023\/10\/IMG_4249.jpg\" alt=\"\" class=\"wp-image-444\" srcset=\"https:\/\/framnestrading.no\/wp-content\/uploads\/2023\/10\/IMG_4249.jpg 360w, https:\/\/framnestrading.no\/wp-content\/uploads\/2023\/10\/IMG_4249-225x300.jpg 225w\" sizes=\"auto, (max-width: 360px) 100vw, 360px\" \/><\/figure>\n\n\n\n<figure class=\"wp-block-image size-full\"><img loading=\"lazy\" decoding=\"async\" width=\"480\" height=\"640\" src=\"https:\/\/framnestrading.no\/wp-content\/uploads\/2023\/10\/IMG_4251-1.jpg\" alt=\"\" class=\"wp-image-445\" srcset=\"https:\/\/framnestrading.no\/wp-content\/uploads\/2023\/10\/IMG_4251-1.jpg 480w, https:\/\/framnestrading.no\/wp-content\/uploads\/2023\/10\/IMG_4251-1-225x300.jpg 225w\" sizes=\"auto, (max-width: 480px) 100vw, 480px\" \/><\/figure>\n\n\n\n<figure class=\"wp-block-image size-full\"><img loading=\"lazy\" decoding=\"async\" width=\"360\" height=\"480\" src=\"https:\/\/framnestrading.no\/wp-content\/uploads\/2023\/10\/IMG_4260-2.jpg\" alt=\"\" class=\"wp-image-446\" srcset=\"https:\/\/framnestrading.no\/wp-content\/uploads\/2023\/10\/IMG_4260-2.jpg 360w, https:\/\/framnestrading.no\/wp-content\/uploads\/2023\/10\/IMG_4260-2-225x300.jpg 225w\" sizes=\"auto, (max-width: 360px) 100vw, 360px\" \/><\/figure>\n\n\n\n<figure class=\"wp-block-image size-large\"><img loading=\"lazy\" decoding=\"async\" width=\"1024\" height=\"768\" src=\"https:\/\/framnestrading.no\/wp-content\/uploads\/2023\/10\/IMG_2400-1024x768.jpg\" alt=\"\" class=\"wp-image-447\" srcset=\"https:\/\/framnestrading.no\/wp-content\/uploads\/2023\/10\/IMG_2400-1024x768.jpg 1024w, https:\/\/framnestrading.no\/wp-content\/uploads\/2023\/10\/IMG_2400-300x225.jpg 300w, https:\/\/framnestrading.no\/wp-content\/uploads\/2023\/10\/IMG_2400-768x576.jpg 768w, https:\/\/framnestrading.no\/wp-content\/uploads\/2023\/10\/IMG_2400-1536x1152.jpg 1536w, https:\/\/framnestrading.no\/wp-content\/uploads\/2023\/10\/IMG_2400-2048x1536.jpg 2048w\" sizes=\"auto, (max-width: 706px) 89vw, (max-width: 767px) 82vw, 740px\" \/><\/figure>\n\n\n\n<figure class=\"wp-block-embed is-type-video is-provider-youtube wp-block-embed-youtube wp-embed-aspect-16-9 wp-has-aspect-ratio\"><div class=\"wp-block-embed__wrapper\">\n<iframe loading=\"lazy\" title=\"GERDES Fahrzeugbau Rollbandanh\u00e4nger-Animation:  elektrisch G\u00fcter be- und entladen\" width=\"525\" height=\"295\" src=\"https:\/\/www.youtube.com\/embed\/0kIzAKF0R6M?feature=oembed\" frameborder=\"0\" allow=\"accelerometer; autoplay; clipboard-write; encrypted-media; gyroscope; picture-in-picture; web-share\" referrerpolicy=\"strict-origin-when-cross-origin\" allowfullscreen><\/iframe>\n<\/div><\/figure>\n","protected":false},"excerpt":{"rendered":"<p>Vi er import\u00f8r for Norge for Framnes Transportb\u00e5ndhenger. Den optimale hengeren for transport og levering av fyringsved. 3500 kg total og ca 2600 kg nyttelast med plass til ca 8,2 m3. 2 kammer med genial skillevegg som beveger seg med lasten. betyr at du alltid har riktig balanse hengeren etter at f\u00f8rste lass er losset. &hellip; <\/p>\n<p class=\"link-more\"><a href=\"https:\/\/framnestrading.no\/?page_id=407\" class=\"more-link\">Fortsett \u00e5 lese<span class=\"screen-reader-text\"> \u00abFramnes Transportb\u00e5ndhenger\u00bb<\/span><\/a><\/p>\n","protected":false},"author":1,"featured_media":0,"parent":0,"menu_order":0,"comment_status":"closed","ping_status":"closed","template":"","meta":{"footnotes":""},"class_list":["post-407","page","type-page","status-publish","hentry"],"_links":{"self":[{"href":"https:\/\/framnestrading.no\/index.php?rest_route=\/wp\/v2\/pages\/407","targetHints":{"allow":["GET"]}}],"collection":[{"href":"https:\/\/framnestrading.no\/index.php?rest_route=\/wp\/v2\/pages"}],"about":[{"href":"https:\/\/framnestrading.no\/index.php?rest_route=\/wp\/v2\/types\/page"}],"author":[{"embeddable":true,"href":"https:\/\/framnestrading.no\/index.php?rest_route=\/wp\/v2\/users\/1"}],"replies":[{"embeddable":true,"href":"https:\/\/framnestrading.no\/index.php?rest_route=%2Fwp%2Fv2%2Fcomments&post=407"}],"version-history":[{"count":6,"href":"https:\/\/framnestrading.no\/index.php?rest_route=\/wp\/v2\/pages\/407\/revisions"}],"predecessor-version":[{"id":454,"href":"https:\/\/framnestrading.no\/index.php?rest_route=\/wp\/v2\/pages\/407\/revisions\/454"}],"wp:attachment":[{"href":"https:\/\/framnestrading.no\/index.php?rest_route=%2Fwp%2Fv2%2Fmedia&parent=407"}],"curies":[{"name":"wp","href":"https:\/\/api.w.org\/{rel}","templated":true}]}}